{"id":253,"date":"2014-02-11T09:38:52","date_gmt":"2014-02-11T09:38:52","guid":{"rendered":"http:\/\/fotofile.cat\/wpressgallery\/?page_id=253"},"modified":"2014-02-21T09:58:44","modified_gmt":"2014-02-21T09:58:44","slug":"avis-legal","status":"publish","type":"page","link":"https:\/\/fotofile.cat\/wpressgallery\/?page_id=253","title":{"rendered":"Av\u00eds legal"},"content":{"rendered":"<div class=\"fcbkbttn_buttons_block\" id=\"fcbkbttn_left\"><div class=\"fcbkbttn_button\">\n\t\t\t\t\t<a href=\"https:\/\/www.facebook.com\/\" target=\"_blank\">\n\t\t\t\t\t\t<img decoding=\"async\" src=\"https:\/\/fotofile.cat\/wpressgallery\/wp-content\/plugins\/facebook-button-plugin\/images\/standard-facebook-ico.png\" alt=\"Fb-Button\" \/>\n\t\t\t\t\t<\/a>\n\t\t\t\t<\/div><div class=\"fcbkbttn_like \"><fb:like href=\"https:\/\/fotofile.cat\/wpressgallery\/?page_id=253\" action=\"like\" colorscheme=\"light\" layout=\"standard\"  width=\"225px\" size=\"small\"><\/fb:like><\/div><\/div><p lang=\"ca-ES\" align=\"JUSTIFY\">En aquest apartat explicarem alguns dels aspectes \u201clegals\u201d de la publicaci\u00f3 de fotos a la nostra web.<\/p>\n<p lang=\"ca-ES\" align=\"JUSTIFY\">La web <span style=\"color: #ff0000;\"><a href=\"http:\/\/www.fotofile.cat\/\"><span style=\"color: #ff0000;\">www.fotofile.cat<\/span><\/a><\/span> i la web <span style=\"color: #ff0000;\"><a href=\"http:\/\/www.fotofile.info\/\"><span style=\"color: #ff0000;\">www.fotofile.info<\/span><\/a><\/span>, juntament amb tots els seus continguts son creaci\u00f3 i propietat de Jordi Turza Farre. En cas de fotografies incorporades d&#8217;altres autors per qualsevol motiu, es mencionar\u00e0 l&#8217;autor i ell en ser\u00e0 el propietari, nosaltres nomes farem d&#8217;aparador de la seva obra.<\/p>\n<p lang=\"ca-ES\" align=\"JUSTIFY\">Les fotografies amb marca d&#8217;aigua copyright son propietat de l&#8217;autor, no es perm\u00e8s la apropiaci\u00f3, modificaci\u00f3, impressi\u00f3 ni manipulaci\u00f3 sense perm\u00eds de l&#8217;autor. Totes les fotos estan \u201cmarcades\u201d, per si en casos de apropiaci\u00f3 indeguda sense autoritzaci\u00f3, si en un futur es publiquen a Internet sota un altre nom, seran localitzades f\u00e0cilment per un programa rastrejador i es demanaran responsabilitats.<\/p>\n<p lang=\"ca-ES\" align=\"JUSTIFY\">Les fotos han estat preses en llocs p\u00fablics, en actuacions i esdeveniments p\u00fablics, per el que si alguna persona es veu reflectida en alguna de les nostres fotografies i no vol sortir a la nostre web, nomes cal que contacti amb nosaltres i retirarem la foto de la nostra web el mes aviat possible. La nostra adre\u00e7a de contacte per qualsevol cosa es <span style=\"color: #ff0000;\"><a href=\"mailto:fotosweb@fotofile.cat\"><span style=\"color: #ff0000;\">fotosweb@fotofile.cat<\/span><\/a><\/span>.<\/p>\n<p lang=\"ca-ES\" align=\"JUSTIFY\">La nostra responsabilitat finalitza treient la foto de la web, en cap cas farem cap compensaci\u00f3 econ\u00f2mica ni res semblant, ja que no hi ha cap interes comercial en mostrar-les per part nostre i no hi tenim cap benefici.<\/p>\n<p lang=\"ca-ES\" align=\"JUSTIFY\">Les fotos de menors es publicaran amb molta cura, mirant de ser sempre respectuosos i al servei de la fotografia art\u00edstica, mai de mala fe. Sempre han estat preses en actes p\u00fablics on els menors son els protagonistes dels actes, davant dels pares, de molta gent i molts altres fot\u00f2grafs. En cas de trobar alguna fotografia que no es vulgui publicar, la eliminarem el mes aviat possible, poseu-vos en contacte amb nosaltres a traves del mail anterior.<\/p>\n<p lang=\"ca-ES\" align=\"JUSTIFY\">Si volgu\u00e9ssiu la vostra fotografia o dels vostres fills us la enviarem amb molt de gust, en cas de voler-la impresa us posar\u00edem en contacte amb alguna empresa local per fer-ho. No s&#8217;envien fotografies a terceres persones que no tenen res a veure amb el subjecte fotografiat.<\/p>\n<p lang=\"ca-ES\" align=\"JUSTIFY\">Les fotos compartides en xarxes socials son responsabilitat dels usuaris que les comparteixen. Nosaltres, nomes som responsables de les fotografies incloses a la nostre web, en cap cas podem accedir a les fotografies d&#8217;altres usuaris de xarxes socials que hagin compartit alguna fotografia nostra.<\/p>\n<p lang=\"ca-ES\" align=\"JUSTIFY\">La modificaci\u00f3, apropiaci\u00f3 i manipulaci\u00f3 de les nostres fotos per fer-ne un us comercial o de mala fe estan completament prohibides i poden ser denunciades.<\/p>\n<p lang=\"ca-ES\" align=\"JUSTIFY\">La nostra intenci\u00f3 es donar a con\u00e8ixer la fotografia i la seva vessant art\u00edstica, gaudiu de les nostres fotos, i si us agraden&#8230; compartiu-les!<\/p>\n<p lang=\"ca-ES\" align=\"JUSTIFY\"><strong><span style=\"color: #ff0000;\">Jordi Turza Farre<\/span><\/strong><\/p>\n","protected":false},"excerpt":{"rendered":"<p>En aquest apartat explicarem alguns dels aspectes \u201clegals\u201d de la publicaci\u00f3 de fotos a la nostra web. La web www.fotofile.cat i la web www.fotofile.info, juntament amb tots els seus continguts son creaci\u00f3 i propietat de Jordi Turza Farre. En cas de fotografies incorporades d&#8217;altres autors per qualsevol motiu, es mencionar\u00e0 l&#8217;autor i ell en ser\u00e0 <a href='https:\/\/fotofile.cat\/wpressgallery\/?page_id=253' class='excerpt-more'>[&#8230;]<\/a><\/p>\n","protected":false},"author":2,"featured_media":0,"parent":0,"menu_order":0,"comment_status":"closed","ping_status":"closed","template":"","meta":{"footnotes":""},"class_list":["post-253","page","type-page","status-publish","hentry","post-seq-1","post-parity-odd","meta-position-corners","fix"],"_links":{"self":[{"href":"https:\/\/fotofile.cat\/wpressgallery\/index.php?rest_route=\/wp\/v2\/pages\/253","targetHints":{"allow":["GET"]}}],"collection":[{"href":"https:\/\/fotofile.cat\/wpressgallery\/index.php?rest_route=\/wp\/v2\/pages"}],"about":[{"href":"https:\/\/fotofile.cat\/wpressgallery\/index.php?rest_route=\/wp\/v2\/types\/page"}],"author":[{"embeddable":true,"href":"https:\/\/fotofile.cat\/wpressgallery\/index.php?rest_route=\/wp\/v2\/users\/2"}],"replies":[{"embeddable":true,"href":"https:\/\/fotofile.cat\/wpressgallery\/index.php?rest_route=%2Fwp%2Fv2%2Fcomments&post=253"}],"version-history":[{"count":9,"href":"https:\/\/fotofile.cat\/wpressgallery\/index.php?rest_route=\/wp\/v2\/pages\/253\/revisions"}],"predecessor-version":[{"id":266,"href":"https:\/\/fotofile.cat\/wpressgallery\/index.php?rest_route=\/wp\/v2\/pages\/253\/revisions\/266"}],"wp:attachment":[{"href":"https:\/\/fotofile.cat\/wpressgallery\/index.php?rest_route=%2Fwp%2Fv2%2Fmedia&parent=253"}],"curies":[{"name":"wp","href":"https:\/\/api.w.org\/{rel}","templated":true}]}}